{"id":709,"date":"2019-10-02T17:57:05","date_gmt":"2019-10-02T15:57:05","guid":{"rendered":"https:\/\/ieportugalete.es\/?page_id=709"},"modified":"2026-04-04T23:56:52","modified_gmt":"2026-04-04T21:56:52","slug":"politicas","status":"publish","type":"page","link":"https:\/\/ieportugalete.es\/?page_id=709","title":{"rendered":"Privacidad"},"content":{"rendered":"<p>[et_pb_section fb_built=\u00bb1&#8243; _builder_version=\u00bb3.22&#8243; custom_padding=\u00bb54px|0px|0|0px|false|false\u00bb][et_pb_row use_custom_gutter=\u00bbon\u00bb _builder_version=\u00bb4.3.4&#8243; locked=\u00bboff\u00bb][et_pb_column type=\u00bb4_4&#8243; _builder_version=\u00bb4.3.4&#8243;][et_pb_text _builder_version=\u00bb4.3.4&#8243; text_font=\u00bbNexa|700|||||||\u00bb text_text_color=\u00bb#ffffff\u00bb text_font_size=\u00bb40px\u00bb header_font=\u00bbMonserrat|800|||||||\u00bb background_color=\u00bb#0078ce\u00bb use_background_color_gradient=\u00bbon\u00bb background_color_gradient_start=\u00bb#0078ce\u00bb background_color_gradient_end=\u00bb#005ec4&#8243; background_color_gradient_direction=\u00bb90deg\u00bb height=\u00bb60px\u00bb height_tablet=\u00bb\u00bb height_phone=\u00bb\u00bb height_last_edited=\u00bbon|desktop\u00bb custom_margin=\u00bb||||false|false\u00bb custom_margin_tablet=\u00bb\u00bb custom_margin_phone=\u00bb|||0px\u00bb custom_margin_last_edited=\u00bbon|desktop\u00bb custom_padding=\u00bb20px|||20px|false|false\u00bb custom_padding_tablet=\u00bb10px||10px||false|false\u00bb custom_padding_phone=\u00bb\u00bb custom_padding_last_edited=\u00bbon|tablet\u00bb hover_enabled=\u00bb0&#8243; text_font_size_tablet=\u00bb50px\u00bb text_font_size_phone=\u00bb14px\u00bb text_font_size_last_edited=\u00bbon|tablet\u00bb text_line_height_tablet=\u00bb1.4em\u00bb text_line_height_phone=\u00bb\u00bb text_line_height_last_edited=\u00bbon|desktop\u00bb header_font_size_tablet=\u00bb\u00bb header_font_size_phone=\u00bb30px\u00bb header_font_size_last_edited=\u00bbon|desktop\u00bb locked=\u00bboff\u00bb inline_fonts=\u00bbBliss,Monserrat\u00bb null=\u00bb#232396&#8243; background_color_gradient_end_position=\u00bb80%\u00bb]<\/p>\n<p><strong>Pol\u00edtica de Privacidad<\/strong><\/p>\n<p>[\/et_pb_text][\/et_pb_column][\/et_pb_row][et_pb_row _builder_version=\u00bb4.3.4&#8243; custom_margin=\u00bb||||false|false\u00bb custom_margin_tablet=\u00bb\u00bb custom_margin_phone=\u00bb-30px||\u00bb custom_margin_last_edited=\u00bbon|tablet\u00bb custom_padding=\u00bb20px||60px||false|false\u00bb][et_pb_column type=\u00bb4_4&#8243; _builder_version=\u00bb3.25&#8243; custom_padding=\u00bb|||\u00bb custom_padding__hover=\u00bb|||\u00bb][et_pb_text _builder_version=\u00bb4.3.4&#8243; text_font=\u00bb||||||||\u00bb text_font_size=\u00bb18px\u00bb header_font=\u00bbMonserrat|800|||||||\u00bb custom_margin=\u00bb||||false|false\u00bb custom_margin_tablet=\u00bb\u00bb custom_margin_phone=\u00bb||||false|false\u00bb custom_margin_last_edited=\u00bbon|desktop\u00bb custom_padding=\u00bb||||false|false\u00bb text_font_size_tablet=\u00bb35px\u00bb text_font_size_phone=\u00bb14px\u00bb text_font_size_last_edited=\u00bbon|tablet\u00bb text_line_height_tablet=\u00bb1.3em\u00bb text_line_height_phone=\u00bb\u00bb text_line_height_last_edited=\u00bbon|tablet\u00bb header_font_size_tablet=\u00bb\u00bb header_font_size_phone=\u00bb30px\u00bb header_font_size_last_edited=\u00bbon|desktop\u00bb inline_fonts=\u00bbBliss,Monserrat\u00bb]<\/p>\n<p class=\"entry-title main_title\">El presente sitio web es propiedad de la Iglesia Evang\u00e9lica Portugalete, entidad religiosa registrada en el Ministerio de Justicia con el n\u00famero 5828 -SE\/A con domicilio en calle Gipuzkoa 42, Portugalete, 48920, Bizkaia.<\/p>\n<div class=\"entry-content\">\n<div class=\"entry-content\">\n<p>Esta web es de car\u00e1cter informativo\u00a0y no se ofertan ni publicitan servicios profesionales de ning\u00fan tipo por lo que no est\u00e1 sujeto a la Ley 34\/2002, de 11 de julio, de Servicios de la Sociedad de la Informaci\u00f3n y del Comercio Electr\u00f3nico.<\/p>\n<p>&nbsp;<\/p>\n<p><strong>Responsabilidad<\/strong><\/p>\n<p>Toda persona que acceda a este sitio web asume el papel de usuario, comprometi\u00e9ndose a la observancia y cumplimiento de las disposiciones aqu\u00ed dispuestas, as\u00ed como a cualquier otra disposici\u00f3n legal que fuera de aplicaci\u00f3n.<\/p>\n<p>En este sitio web es posible que se redirija a contenidos de terceros sitios web. Dado que el propietario de este sitio no puede controlar siempre los contenidos introducidos por los terceros en sus sitios web, no asume ning\u00fan tipo de responsabilidad respecto a dichos contenidos.<\/p>\n<h3><\/h3>\n<p><strong>Pol\u00edtica anti-spam y LOPD (privacidad)<\/strong><\/p>\n<p>El propietario del sitio web cumple con la normativa espa\u00f1ola de protecci\u00f3n de datos de car\u00e1cter personal, y garantiza el cumplimiento \u00edntegro de las obligaciones dispuestas la Ley Org\u00e1nica 15\/1999, de 13 de diciembre, de Protecci\u00f3n de Datos de Car\u00e1cter Personal (LOPD), el Real Decreto 1720\/2007, de 21 de diciembre, por el que se aprueba el Reglamento de desarrollo de la LOPD y dem\u00e1s normativa vigente en cada momento, y vela por garantizar un correcto uso y tratamiento de los datos personales del usuario.<\/p>\n<p>El\u00a0propietario del sitio web garantiza al usuario a que bajo ning\u00fan concepto los datos personales recogidos en el sitio web ser\u00e1n cedidos, compartidos, transferidos, ni vendidos a ning\u00fan tercero ni se realizar\u00e1n env\u00edos no autorizados.<\/p>\n<p>El proceso de registro en el boletin es de doble verificaci\u00f3n por lo que necesita la confirmaci\u00f3n explicita por parte del titular de la cuenta de correo electr\u00f3nico indicada como direcci\u00f3n de suscripci\u00f3n, antes de recibir comunicaciones por correo electr\u00f3nico. As\u00edmismo, es necesario aceptar la pol\u00edtica de privacidad para poder inscribirse en el bolet\u00edn.<\/p>\n<p>En cualquier caso se podr\u00e1 dar de baja desde los enlaces que se proporcionan en el propio correo o podr\u00e1 ponerse en contacto a trav\u00e9s del formulario de contacto que se mantiene en el sitio web, tanto para solicitar la eliminaci\u00f3n inmediata de sus datos de nuestro sistema como para notificar cualquier incidencia.<\/p>\n<p>Mediante los actos de suscripci\u00f3n al bolet\u00edn o el uso del formulario de contacto el usuario estar\u00e1 dando su consentimiento expreso al tratamiento de los personales proporcionados seg\u00fan lo dispuesto en el art\u00edculo 6 de la LOPD. Estos datos quedar\u00e1n incorporados a un fichero, cuyo responsable es el propietario del sitio web, y cuya finalidad es la comunicaci\u00f3n de novedades relativas al sitio web, boletines o nuevas entradas o art\u00edculos.<\/p>\n<p>Asimismo los usuarios podr\u00e1n ejercer sus derechos de acceso, rectificaci\u00f3n, cancelaci\u00f3n, y oposici\u00f3n en los t\u00e9rminos dispuestos por el art\u00edculo 5 de la LOPD mediante solicitud dirigida al formulario de contacto.<\/p>\n<p><span><strong>Propiedad Intelectual y uso de los contenidos<\/strong><\/span><\/p>\n<p>El presente sitio web, incluyendo a t\u00edtulo enunciativo pero no limitativo su programaci\u00f3n, edici\u00f3n, compilaci\u00f3n y dem\u00e1s elementos necesarios para su funcionamiento, los dise\u00f1os, logotipos, texto y\/o gr\u00e1ficos son propiedad del propietario del sitio web o en su caso dispone de licencia o autorizaci\u00f3n expresa por parte de los autores.<\/p>\n<p>El propietario otorga al usuario una licencia Creative Commons Reconocimiento-NoComercial-CompartirIgual 3.0 sobre los contenidos de su autoria y cuyos t\u00e9rminos exactos se pueden consultar en<span>\u00a0<\/span><a href=\"http:\/\/creativecommons.org\/licenses\/by-nc-sa\/3.0\/es\/\" target=\"_blank\" rel=\"noopener noreferrer\">este enlace<\/a>.<\/p>\n<p>Cualquier uso no autorizado previamente por parte del\u00a0propietario ser\u00e1 considerado un incumplimiento grave de los derechos de propiedad intelectual o industrial del autor.<\/p>\n<p>Los dise\u00f1os, logotipos, texto y\/o gr\u00e1ficos ajenos al prestador y que pudieran aparecer en el sitio web, pertenecen a sus respectivos propietarios, siendo ellos mismos responsables de cualquier posible controversia que pudiera suscitarse respecto a los mismos.<\/p>\n<\/div>\n<\/div>\n<p>[\/et_pb_text][\/et_pb_column][\/et_pb_row][\/et_pb_section]<\/p>\n","protected":false},"excerpt":{"rendered":"<p>[et_pb_section fb_built=\u00bb1&#8243; _builder_version=\u00bb3.22&#8243; custom_padding=\u00bb54px|0px|0|0px|false|false\u00bb][et_pb_row use_custom_gutter=\u00bbon\u00bb _builder_version=\u00bb4.3.4&#8243; locked=\u00bboff\u00bb][et_pb_column type=\u00bb4_4&#8243; _builder_version=\u00bb4.3.4&#8243;][et_pb_text _builder_version=\u00bb4.3.4&#8243; text_font=\u00bbNexa|700|||||||\u00bb text_text_color=\u00bb#ffffff\u00bb text_font_size=\u00bb40px\u00bb header_font=\u00bbMonserrat|800|||||||\u00bb background_color=\u00bb#0078ce\u00bb use_background_color_gradient=\u00bbon\u00bb background_color_gradient_start=\u00bb#0078ce\u00bb background_color_gradient_end=\u00bb#005ec4&#8243; background_color_gradient_direction=\u00bb90deg\u00bb height=\u00bb60px\u00bb height_tablet=\u00bb\u00bb height_phone=\u00bb\u00bb height_last_edited=\u00bbon|desktop\u00bb custom_margin=\u00bb||||false|false\u00bb custom_margin_tablet=\u00bb\u00bb custom_margin_phone=\u00bb|||0px\u00bb custom_margin_last_edited=\u00bbon|desktop\u00bb custom_padding=\u00bb20px|||20px|false|false\u00bb custom_padding_tablet=\u00bb10px||10px||false|false\u00bb custom_padding_phone=\u00bb\u00bb custom_padding_last_edited=\u00bbon|tablet\u00bb hover_enabled=\u00bb0&#8243; text_font_size_tablet=\u00bb50px\u00bb text_font_size_phone=\u00bb14px\u00bb text_font_size_last_edited=\u00bbon|tablet\u00bb text_line_height_tablet=\u00bb1.4em\u00bb text_line_height_phone=\u00bb\u00bb text_line_height_last_edited=\u00bbon|desktop\u00bb header_font_size_tablet=\u00bb\u00bb header_font_size_phone=\u00bb30px\u00bb header_font_size_last_edited=\u00bbon|desktop\u00bb locked=\u00bboff\u00bb inline_fonts=\u00bbBliss,Monserrat\u00bb null=\u00bb#232396&#8243; background_color_gradient_end_position=\u00bb80%\u00bb] Pol\u00edtica de Privacidad [\/et_pb_text][\/et_pb_column][\/et_pb_row][et_pb_row _builder_version=\u00bb4.3.4&#8243; custom_margin=\u00bb||||false|false\u00bb custom_margin_tablet=\u00bb\u00bb custom_margin_phone=\u00bb-30px||\u00bb custom_margin_last_edited=\u00bbon|tablet\u00bb custom_padding=\u00bb20px||60px||false|false\u00bb][et_pb_column [&hellip;]<\/p>\n","protected":false},"author":2,"featured_media":0,"parent":0,"menu_order":0,"comment_status":"closed","ping_status":"closed","template":"","meta":{"_et_pb_use_builder":"on","_et_pb_old_content":"","_et_gb_content_width":"","footnotes":""},"class_list":["post-709","page","type-page","status-publish","hentry"],"_links":{"self":[{"href":"https:\/\/ieportugalete.es\/index.php?rest_route=\/wp\/v2\/pages\/709","targetHints":{"allow":["GET"]}}],"collection":[{"href":"https:\/\/ieportugalete.es\/index.php?rest_route=\/wp\/v2\/pages"}],"about":[{"href":"https:\/\/ieportugalete.es\/index.php?rest_route=\/wp\/v2\/types\/page"}],"author":[{"embeddable":true,"href":"https:\/\/ieportugalete.es\/index.php?rest_route=\/wp\/v2\/users\/2"}],"replies":[{"embeddable":true,"href":"https:\/\/ieportugalete.es\/index.php?rest_route=%2Fwp%2Fv2%2Fcomments&post=709"}],"version-history":[{"count":20,"href":"https:\/\/ieportugalete.es\/index.php?rest_route=\/wp\/v2\/pages\/709\/revisions"}],"predecessor-version":[{"id":5999,"href":"https:\/\/ieportugalete.es\/index.php?rest_route=\/wp\/v2\/pages\/709\/revisions\/5999"}],"wp:attachment":[{"href":"https:\/\/ieportugalete.es\/index.php?rest_route=%2Fwp%2Fv2%2Fmedia&parent=709"}],"curies":[{"name":"wp","href":"https:\/\/api.w.org\/{rel}","templated":true}]}}