{"id":713,"date":"2019-10-02T18:01:35","date_gmt":"2019-10-02T16:01:35","guid":{"rendered":"https:\/\/ieportugalete.es\/?page_id=713"},"modified":"2026-04-04T23:57:41","modified_gmt":"2026-04-04T21:57:41","slug":"cookies","status":"publish","type":"page","link":"https:\/\/ieportugalete.es\/?page_id=713","title":{"rendered":"Cookies"},"content":{"rendered":"<p>[et_pb_section fb_built=\u00bb1&#8243; _builder_version=\u00bb3.22&#8243; custom_padding=\u00bb54px|0px|0|0px|false|false\u00bb][et_pb_row use_custom_gutter=\u00bbon\u00bb _builder_version=\u00bb4.3.4&#8243; locked=\u00bboff\u00bb][et_pb_column type=\u00bb4_4&#8243; _builder_version=\u00bb4.3.4&#8243;][et_pb_text _builder_version=\u00bb4.3.4&#8243; text_font=\u00bbNexa|700|||||||\u00bb text_text_color=\u00bb#ffffff\u00bb text_font_size=\u00bb40px\u00bb header_font=\u00bbMonserrat|800|||||||\u00bb background_color=\u00bb#0078ce\u00bb use_background_color_gradient=\u00bbon\u00bb background_color_gradient_start=\u00bb#0078ce\u00bb background_color_gradient_end=\u00bb#005ec4&#8243; background_color_gradient_direction=\u00bb90deg\u00bb height=\u00bb60px\u00bb height_tablet=\u00bb\u00bb height_phone=\u00bb\u00bb height_last_edited=\u00bbon|desktop\u00bb custom_margin=\u00bb||||false|false\u00bb custom_margin_tablet=\u00bb\u00bb custom_margin_phone=\u00bb|||0px\u00bb custom_margin_last_edited=\u00bbon|desktop\u00bb custom_padding=\u00bb20px|||20px|false|false\u00bb custom_padding_tablet=\u00bb10px||10px||false|false\u00bb custom_padding_phone=\u00bb\u00bb custom_padding_last_edited=\u00bbon|tablet\u00bb hover_enabled=\u00bb0&#8243; text_font_size_tablet=\u00bb50px\u00bb text_font_size_phone=\u00bb14px\u00bb text_font_size_last_edited=\u00bbon|tablet\u00bb text_line_height_tablet=\u00bb1.4em\u00bb text_line_height_phone=\u00bb\u00bb text_line_height_last_edited=\u00bbon|desktop\u00bb header_font_size_tablet=\u00bb\u00bb header_font_size_phone=\u00bb30px\u00bb header_font_size_last_edited=\u00bbon|desktop\u00bb locked=\u00bboff\u00bb inline_fonts=\u00bbBliss,Monserrat\u00bb null=\u00bb#232396&#8243; background_color_gradient_end_position=\u00bb81%\u00bb]<\/p>\n<p><strong>Pol\u00edtica de Cookies<\/strong><\/p>\n<p>[\/et_pb_text][\/et_pb_column][\/et_pb_row][et_pb_row _builder_version=\u00bb4.3.4&#8243; custom_margin_tablet=\u00bb\u00bb custom_margin_phone=\u00bb-30px||\u00bb custom_margin_last_edited=\u00bbon|desktop\u00bb custom_padding=\u00bb20px||60px||false|false\u00bb][et_pb_column type=\u00bb4_4&#8243; _builder_version=\u00bb3.25&#8243; custom_padding=\u00bb|||\u00bb custom_padding__hover=\u00bb|||\u00bb][et_pb_text _builder_version=\u00bb4.3.4&#8243; text_font=\u00bb||||||||\u00bb text_font_size=\u00bb18px\u00bb header_font=\u00bbMonserrat|800|||||||\u00bb custom_margin=\u00bb||||false|false\u00bb custom_margin_tablet=\u00bb\u00bb custom_margin_phone=\u00bb|||0px\u00bb custom_margin_last_edited=\u00bbon|desktop\u00bb text_font_size_tablet=\u00bb35px\u00bb text_font_size_phone=\u00bb14px\u00bb text_font_size_last_edited=\u00bbon|tablet\u00bb text_line_height_tablet=\u00bb1.3em\u00bb text_line_height_phone=\u00bb\u00bb text_line_height_last_edited=\u00bbon|tablet\u00bb header_font_size_tablet=\u00bb\u00bb header_font_size_phone=\u00bb30px\u00bb header_font_size_last_edited=\u00bbon|desktop\u00bb inline_fonts=\u00bbBliss,Monserrat\u00bb]<\/p>\n<p class=\"entry-title main_title\">Una\u00a0<em>cookie<\/em>\u00a0es un peque\u00f1o fichero de texto que se almacena en su navegador cuando visita casi cualquier p\u00e1gina web. Su utilidad es que la web sea capaz de recordar su visita cuando vuelva a navegar por esa p\u00e1gina.<\/p>\n<div class=\"entry-content\">\n<p>Las<span>\u00a0<\/span><em>cookies<\/em><span>\u00a0<\/span>suelen almacenar informaci\u00f3n de car\u00e1cter t\u00e9cnico, preferencias personales, personalizaci\u00f3n de contenidos, estad\u00edsticas de uso, enlaces a redes sociales, acceso a cuentas de usuario, etc.<\/p>\n<p>El objetivo de la<span>\u00a0<\/span><em>cookie<\/em><span>\u00a0<\/span>es adaptar el contenido de la web a su perfil y necesidades, sin<span>\u00a0<\/span><em>cookies<\/em><span>\u00a0<\/span>los servicios ofrecidos por cualquier p\u00e1gina se ver\u00edan mermados notablemente. Si desea consultar m\u00e1s informaci\u00f3n sobre qu\u00e9 son las<span>\u00a0<\/span><em>cookies<\/em>, qu\u00e9 almacenan, c\u00f3mo eliminarlas, desactivarlas, etc., le rogamos que lo haga a trav\u00e9z del formulario de contacto.<\/p>\n<p><b>Cookies utilizadas en este sitio web<\/b><\/p>\n<p>Siguiendo las directrices de la Agencia Espa\u00f1ola de Protecci\u00f3n de Datos procedemos a detallar el uso de\u00a0cookies\u00a0que hace esta web con el fin de informarle con la m\u00e1xima exactitud posible.<\/p>\n<p>Este sitio web utiliza las siguientes<span>\u00a0<\/span>cookies propias:<\/p>\n<p>Cookies de sesi\u00f3n, para garantizar que los usuarios que escriban comentarios en el blog sean humanos y no aplicaciones automatizadas. De esta forma se combate el<span>\u00a0<\/span><em>spam<\/em>.<\/p>\n<p>Este sitio web utiliza las siguientes\u00a0cookies de terceros:<\/p>\n<p>Google Analytics: Almacena<span>\u00a0<\/span><em>cookies<\/em><span>\u00a0<\/span>para poder elaborar estad\u00edsticas sobre el tr\u00e1fico y volumen de visitas de esta web. Al utilizar este sitio web est\u00e1 consintiendo el tratamiento de informaci\u00f3n acerca de usted por Google. Por tanto, el ejercicio de cualquier derecho en este sentido deber\u00e1 hacerlo comunicando directamente con Google.<\/p>\n<p>WordPress: Incluye datos estad\u00edsticos y los propios para poder identificarse como usuario de WordPress.<\/p>\n<p>Redes sociales: Cada red social utiliza sus propias<span>\u00a0<\/span><em>cookies<\/em><span>\u00a0<\/span>para que usted pueda pinchar en botones del tipo<span>\u00a0<\/span><em>Me gusta<\/em><span>\u00a0<\/span>o<span>\u00a0<\/span><em>Compartir<\/em>.<\/p>\n<p><strong>Desactivaci\u00f3n o eliminaci\u00f3n de Cookies<\/strong><\/p>\n<p>En cualquier momento podr\u00e1 ejercer su derecho de desactivaci\u00f3n o eliminaci\u00f3n de cookies de este sitio web. Estas acciones se realizan de forma diferente en funci\u00f3n del navegador que est\u00e9 usando.<\/p>\n<p><strong>Notas adicionales<\/strong><\/p>\n<p>Ni esta web ni sus representantes legales se hacer responsables ni del contenido ni de la veracidad de las pol\u00edticas de privacidad que puedan tener los terceros mencionados en esta pol\u00edtica de cookies.<b style=\"font-size: 18px;\"><\/b><\/p>\n<p>Los navegadores web son las herramientas encargadas de almacenar las\u00a0<em>cookies<\/em>\u00a0y desde este lugar debe efectuar su derecho a eliminaci\u00f3n o desactivaci\u00f3n de las mismas. Ni esta web ni sus representantes legales pueden garantizar la correcta o incorrecta manipulaci\u00f3n de las\u00a0<em>cookies<\/em>\u00a0por parte de los mencionados navegadores.<em><\/em><\/p>\n<p>En algunos casos es necesario instalar<span>\u00a0<\/span><em>cookies<\/em><span>\u00a0<\/span>para que el navegador no olvide su decisi\u00f3n de no aceptaci\u00f3n de las mismas.<\/p>\n<p>En el caso de las<span>\u00a0<\/span><em>cookies<\/em><span>\u00a0<\/span>de Google Analytics, esta empresa almacena las<span>\u00a0<\/span><em>cookies<\/em><span>\u00a0<\/span>en servidores ubicados en Estados Unidos y se compromete a no compartirla con terceros, excepto en los casos en los que sea necesario para el funcionamiento del sistema o cuando la ley obligue a tal efecto. Seg\u00fan Google no guarda su direcci\u00f3n IP. Google Inc. es una compa\u00f1\u00eda adherida al Acuerdo de Puerto Seguro que garantiza que todos los datos transferidos ser\u00e1n tratados con un nivel de protecci\u00f3n acorde a la normativa europea. Puede consultar informaci\u00f3n detallada a este respecto<span>\u00a0<\/span><a href=\"http:\/\/safeharbor.export.gov\/companyinfo.aspx?id=16626\" target=\"_blank\" rel=\"noopener noreferrer\">en este enlace<\/a>. Si desea informaci\u00f3n sobre el uso que Google da a las cookies<span>\u00a0<\/span><a href=\"https:\/\/developers.google.com\/analytics\/devguides\/collection\/analyticsjs\/cookie-usage?hl=es&amp;csw=1\" target=\"_blank\" rel=\"noopener noreferrer\">le adjuntamos este otro enlace<\/a>.<\/p>\n<p>Para cualquier duda o consulta acerca de esta pol\u00edtica de<span>\u00a0<\/span><em>cookies<\/em><span>\u00a0<\/span>no dude en comunicarse con nosotros a trav\u00e9s del formulario de contacto.<\/p>\n<\/div>\n<p>[\/et_pb_text][\/et_pb_column][\/et_pb_row][\/et_pb_section]<\/p>\n","protected":false},"excerpt":{"rendered":"<p>[et_pb_section fb_built=\u00bb1&#8243; _builder_version=\u00bb3.22&#8243; custom_padding=\u00bb54px|0px|0|0px|false|false\u00bb][et_pb_row use_custom_gutter=\u00bbon\u00bb _builder_version=\u00bb4.3.4&#8243; locked=\u00bboff\u00bb][et_pb_column type=\u00bb4_4&#8243; _builder_version=\u00bb4.3.4&#8243;][et_pb_text _builder_version=\u00bb4.3.4&#8243; text_font=\u00bbNexa|700|||||||\u00bb text_text_color=\u00bb#ffffff\u00bb text_font_size=\u00bb40px\u00bb header_font=\u00bbMonserrat|800|||||||\u00bb background_color=\u00bb#0078ce\u00bb use_background_color_gradient=\u00bbon\u00bb background_color_gradient_start=\u00bb#0078ce\u00bb background_color_gradient_end=\u00bb#005ec4&#8243; background_color_gradient_direction=\u00bb90deg\u00bb height=\u00bb60px\u00bb height_tablet=\u00bb\u00bb height_phone=\u00bb\u00bb height_last_edited=\u00bbon|desktop\u00bb custom_margin=\u00bb||||false|false\u00bb custom_margin_tablet=\u00bb\u00bb custom_margin_phone=\u00bb|||0px\u00bb custom_margin_last_edited=\u00bbon|desktop\u00bb custom_padding=\u00bb20px|||20px|false|false\u00bb custom_padding_tablet=\u00bb10px||10px||false|false\u00bb custom_padding_phone=\u00bb\u00bb custom_padding_last_edited=\u00bbon|tablet\u00bb hover_enabled=\u00bb0&#8243; text_font_size_tablet=\u00bb50px\u00bb text_font_size_phone=\u00bb14px\u00bb text_font_size_last_edited=\u00bbon|tablet\u00bb text_line_height_tablet=\u00bb1.4em\u00bb text_line_height_phone=\u00bb\u00bb text_line_height_last_edited=\u00bbon|desktop\u00bb header_font_size_tablet=\u00bb\u00bb header_font_size_phone=\u00bb30px\u00bb header_font_size_last_edited=\u00bbon|desktop\u00bb locked=\u00bboff\u00bb inline_fonts=\u00bbBliss,Monserrat\u00bb null=\u00bb#232396&#8243; background_color_gradient_end_position=\u00bb81%\u00bb] Pol\u00edtica de Cookies [\/et_pb_text][\/et_pb_column][\/et_pb_row][et_pb_row _builder_version=\u00bb4.3.4&#8243; custom_margin_tablet=\u00bb\u00bb custom_margin_phone=\u00bb-30px||\u00bb custom_margin_last_edited=\u00bbon|desktop\u00bb custom_padding=\u00bb20px||60px||false|false\u00bb][et_pb_column type=\u00bb4_4&#8243; [&hellip;]<\/p>\n","protected":false},"author":2,"featured_media":0,"parent":0,"menu_order":0,"comment_status":"closed","ping_status":"closed","template":"","meta":{"_et_pb_use_builder":"on","_et_pb_old_content":"","_et_gb_content_width":"","footnotes":""},"class_list":["post-713","page","type-page","status-publish","hentry"],"_links":{"self":[{"href":"https:\/\/ieportugalete.es\/index.php?rest_route=\/wp\/v2\/pages\/713","targetHints":{"allow":["GET"]}}],"collection":[{"href":"https:\/\/ieportugalete.es\/index.php?rest_route=\/wp\/v2\/pages"}],"about":[{"href":"https:\/\/ieportugalete.es\/index.php?rest_route=\/wp\/v2\/types\/page"}],"author":[{"embeddable":true,"href":"https:\/\/ieportugalete.es\/index.php?rest_route=\/wp\/v2\/users\/2"}],"replies":[{"embeddable":true,"href":"https:\/\/ieportugalete.es\/index.php?rest_route=%2Fwp%2Fv2%2Fcomments&post=713"}],"version-history":[{"count":47,"href":"https:\/\/ieportugalete.es\/index.php?rest_route=\/wp\/v2\/pages\/713\/revisions"}],"predecessor-version":[{"id":6001,"href":"https:\/\/ieportugalete.es\/index.php?rest_route=\/wp\/v2\/pages\/713\/revisions\/6001"}],"wp:attachment":[{"href":"https:\/\/ieportugalete.es\/index.php?rest_route=%2Fwp%2Fv2%2Fmedia&parent=713"}],"curies":[{"name":"wp","href":"https:\/\/api.w.org\/{rel}","templated":true}]}}